{"id":27,"date":"2018-10-20T13:52:33","date_gmt":"2018-10-20T13:52:33","guid":{"rendered":"https:\/\/weihnachtsbaum-bollenbeck.de\/?page_id=27"},"modified":"2024-07-03T14:24:58","modified_gmt":"2024-07-03T14:24:58","slug":"startseite","status":"publish","type":"page","link":"https:\/\/weihnachtsbaum-bollenbeck.de\/","title":{"rendered":"Startseite"},"content":{"rendered":"<p>Seit fast 40 Jahren baut unsere Familie im Vorgebirge zwischen<br \/>K\u00f6ln und Bonn Weihnachtsb\u00e4ume an.\u00a0<\/p>\n<p>Auf 2 Hektar wachsen pr\u00e4chtige :<\/p>\n<p>\u2013 Nordmanntannen bis 6 m<br \/>\u2013 Blaufichten bis 3 m<br \/>\u2013 Coloradotannen bis 5 m<br \/>\u2013 Korktannen bis 4 m<br \/>\u2013 Koreatannen bis 3m<br \/>\u2013 t\u00fcrkische Tanne (die sch\u00f6nere Nordmanntanne ) bis 6 m<\/p>\n<p>Zus\u00e4tzlich kleinere Auswahl an Exoten wie Kiefern &amp; Balsamtannen vorhanden.<\/p>\n\n\n<figure class=\"wp-block-image size-large\"><img loading=\"lazy\" decoding=\"async\" width=\"1024\" height=\"768\" src=\"https:\/\/weihnachtsbaum-bollenbeck.de\/wp-content\/uploads\/2020\/06\/DJI_0538-1024x768.jpg\" alt=\"\" class=\"wp-image-235\" srcset=\"https:\/\/weihnachtsbaum-bollenbeck.de\/wp-content\/uploads\/2020\/06\/DJI_0538-1024x768.jpg 1024w, https:\/\/weihnachtsbaum-bollenbeck.de\/wp-content\/uploads\/2020\/06\/DJI_0538-300x225.jpg 300w, https:\/\/weihnachtsbaum-bollenbeck.de\/wp-content\/uploads\/2020\/06\/DJI_0538-768x576.jpg 768w, https:\/\/weihnachtsbaum-bollenbeck.de\/wp-content\/uploads\/2020\/06\/DJI_0538.jpg 1440w\" sizes=\"(max-width: 767px) 89vw, (max-width: 1000px) 54vw, (max-width: 1071px) 543px, 580px\" \/><figcaption class=\"wp-element-caption\">DCIM\/100MEDIA\/DJI_0538.JPG<\/figcaption><\/figure>\n\n\n\n<p><\/p>\n\n\n\n<p>Wir verzichten auf den Einsatz von &#8222;<strong>Glyphosat<\/strong>&#8220; und Herbiziden. Gr\u00e4ser und Unkr\u00e4uter werden gem\u00e4ht, so sorgen wir f\u00fcr au\u00dfreichend Bl\u00fchpflanzen und unterst\u00fctzen somit die heimsche Tierwelt und verbessern die Bodenkultur.<\/p>\n","protected":false},"excerpt":{"rendered":"<p>Seit fast 40 Jahren baut unsere Familie im Vorgebirge zwischenK\u00f6ln und Bonn Weihnachtsb\u00e4ume an.\u00a0 Auf 2 Hektar wachsen pr\u00e4chtige : \u2013 Nordmanntannen bis 6 m\u2013 Blaufichten bis 3 m\u2013 Coloradotannen bis 5 m\u2013 Korktannen bis 4 m\u2013 Koreatannen bis 3m\u2013 t\u00fcrkische Tanne (die sch\u00f6nere Nordmanntanne ) bis 6 m Zus\u00e4tzlich kleinere Auswahl an Exoten wie &hellip; <\/p>\n<p class=\"link-more\"><a href=\"https:\/\/weihnachtsbaum-bollenbeck.de\/\" class=\"more-link\"><span class=\"screen-reader-text\">\u201eStartseite\u201c<\/span> weiterlesen<\/a><\/p>\n","protected":false},"author":1,"featured_media":0,"parent":0,"menu_order":0,"comment_status":"closed","ping_status":"closed","template":"","meta":{"footnotes":""},"_links":{"self":[{"href":"https:\/\/weihnachtsbaum-bollenbeck.de\/index.php\/wp-json\/wp\/v2\/pages\/27"}],"collection":[{"href":"https:\/\/weihnachtsbaum-bollenbeck.de\/index.php\/wp-json\/wp\/v2\/pages"}],"about":[{"href":"https:\/\/weihnachtsbaum-bollenbeck.de\/index.php\/wp-json\/wp\/v2\/types\/page"}],"author":[{"embeddable":true,"href":"https:\/\/weihnachtsbaum-bollenbeck.de\/index.php\/wp-json\/wp\/v2\/users\/1"}],"replies":[{"embeddable":true,"href":"https:\/\/weihnachtsbaum-bollenbeck.de\/index.php\/wp-json\/wp\/v2\/comments?post=27"}],"version-history":[{"count":26,"href":"https:\/\/weihnachtsbaum-bollenbeck.de\/index.php\/wp-json\/wp\/v2\/pages\/27\/revisions"}],"predecessor-version":[{"id":400,"href":"https:\/\/weihnachtsbaum-bollenbeck.de\/index.php\/wp-json\/wp\/v2\/pages\/27\/revisions\/400"}],"wp:attachment":[{"href":"https:\/\/weihnachtsbaum-bollenbeck.de\/index.php\/wp-json\/wp\/v2\/media?parent=27"}],"curies":[{"name":"wp","href":"https:\/\/api.w.org\/{rel}","templated":true}]}}